{"id":46,"date":"2023-01-25T16:39:45","date_gmt":"2023-01-25T16:39:45","guid":{"rendered":"https:\/\/sun21.at\/wp\/?page_id=46"},"modified":"2025-11-13T15:54:51","modified_gmt":"2025-11-13T15:54:51","slug":"ueber-sun21","status":"publish","type":"page","link":"https:\/\/sun21.at\/wp\/ueber-sun21\/","title":{"rendered":"\u00dcber SUN21"},"content":{"rendered":"\n<p>SUN21 steht f\u00fcr <strong>innovative <\/strong>und <strong>nachhaltige Energiel\u00f6sungen<\/strong> mit Sitz im ecoplus Wirtschaftspark <strong>Wolkersdorf <\/strong>und einer Filiale in <strong>Unterretzbach<\/strong>. Mehr als 40 engagierte Mitarbeiter*innen arbeiten tagt\u00e4glich daran, <strong>Photovoltaik<\/strong>, <strong>W\u00e4rmepumpen <\/strong>und <strong>Klimasysteme <\/strong>f\u00fcr <strong>Einfamilienh\u00e4user<\/strong>, <strong>Gewerbe <\/strong>und <strong>Gemeinden <\/strong>intelligent zu verbinden \u2013 alles aus einer Hand.<\/p>\n\n\n\n<div class=\"wp-block-columns is-layout-flex wp-container-core-columns-is-layout-9d6595d7 wp-block-columns-is-layout-flex\">\n<div class=\"wp-block-column is-vertically-aligned-center is-layout-flow wp-block-column-is-layout-flow\" style=\"flex-basis:50%\">\n<p>Geleitet wird SUN21 von den <strong>Gesch\u00e4ftsf\u00fchrern Manuel Urbanek<\/strong> und <strong>Ing. Zdenko Miklendin<\/strong>, die gemeinsam mit ihrem Team eine klare Vision verfolgen: <strong>Smarte Energiel\u00f6sungen f\u00fcr alle<\/strong>. Mit umfassender <strong>Beratung<\/strong>, <strong>technischer Pr\u00e4zision<\/strong> und <strong>Handschlagqualit\u00e4t <\/strong>begleitet SUN21 seine Kundinnen und Kunden von der <strong>Planung <\/strong>\u00fcber die <strong>Montage <\/strong>bis zur <strong>Inbetriebnahme<\/strong>.<\/p>\n<\/div>\n\n\n\n<div class=\"wp-block-column is-layout-flow wp-block-column-is-layout-flow\" style=\"flex-basis:50%\">\n<figure data-wp-context=\"{&quot;imageId&quot;:&quot;69f5ba35c733e&quot;}\" data-wp-interactive=\"core\/image\" data-wp-key=\"69f5ba35c733e\" class=\"wp-block-image size-full wp-lightbox-container\"><img loading=\"lazy\" decoding=\"async\" width=\"800\" height=\"450\" data-wp-class--hide=\"state.isContentHidden\" data-wp-class--show=\"state.isContentVisible\" data-wp-init=\"callbacks.setButtonStyles\" data-wp-on--click=\"actions.showLightbox\" data-wp-on--load=\"callbacks.setButtonStyles\" data-wp-on-window--resize=\"callbacks.setButtonStyles\" src=\"https:\/\/sun21.at\/wp\/wp-content\/uploads\/2025\/05\/sun21_drohne_202504.jpg\" alt=\"Das SUN21 Firmengeb\u00e4udes in Wolkersdorf mit moderner Photovoltaik-Anlage auf dem Dach\" class=\"wp-image-2272\" srcset=\"https:\/\/sun21.at\/wp\/wp-content\/uploads\/2025\/05\/sun21_drohne_202504.jpg 800w, https:\/\/sun21.at\/wp\/wp-content\/uploads\/2025\/05\/sun21_drohne_202504-300x169.jpg 300w, https:\/\/sun21.at\/wp\/wp-content\/uploads\/2025\/05\/sun21_drohne_202504-150x84.jpg 150w, https:\/\/sun21.at\/wp\/wp-content\/uploads\/2025\/05\/sun21_drohne_202504-768x432.jpg 768w\" sizes=\"auto, (max-width: 800px) 100vw, 800px\" \/><button\n\t\t\tclass=\"lightbox-trigger\"\n\t\t\ttype=\"button\"\n\t\t\taria-haspopup=\"dialog\"\n\t\t\taria-label=\"Vergr\u00f6\u00dfern\"\n\t\t\tdata-wp-init=\"callbacks.initTriggerButton\"\n\t\t\tdata-wp-on--click=\"actions.showLightbox\"\n\t\t\tdata-wp-style--right=\"state.imageButtonRight\"\n\t\t\tdata-wp-style--top=\"state.imageButtonTop\"\n\t\t>\n\t\t\t<svg xmlns=\"http:\/\/www.w3.org\/2000\/svg\" width=\"12\" height=\"12\" fill=\"none\" viewBox=\"0 0 12 12\">\n\t\t\t\t<path fill=\"#fff\" d=\"M2 0a2 2 0 0 0-2 2v2h1.5V2a.5.5 0 0 1 .5-.5h2V0H2Zm2 10.5H2a.5.5 0 0 1-.5-.5V8H0v2a2 2 0 0 0 2 2h2v-1.5ZM8 12v-1.5h2a.5.5 0 0 0 .5-.5V8H12v2a2 2 0 0 1-2 2H8Zm2-12a2 2 0 0 1 2 2v2h-1.5V2a.5.5 0 0 0-.5-.5H8V0h2Z\" \/>\n\t\t\t<\/svg>\n\t\t<\/button><\/figure>\n<\/div>\n<\/div>\n\n\n\n<p><strong>\u201eWir liefern mehr als Technik \u2013 wir verbinden das Beste aus beiden Welten: nachhaltige Stromerzeugung und intelligente W\u00e4rmeversorgung.\u201c<\/strong> Diese Verbindung steht im Zentrum jedes Projekts \u2013 egal ob auf dem <strong>Einfamilienhaus<\/strong>, dem <strong>Firmendach<\/strong> oder in der <strong>Landwirtschaft<\/strong>.<\/p>\n\n\n\n<div class=\"wp-block-columns is-layout-flex wp-container-core-columns-is-layout-9d6595d7 wp-block-columns-is-layout-flex\">\n<div class=\"wp-block-column is-layout-flow wp-block-column-is-layout-flow\" style=\"flex-basis:50%\">\n<figure data-wp-context=\"{&quot;imageId&quot;:&quot;69f5ba35c7d1e&quot;}\" data-wp-interactive=\"core\/image\" data-wp-key=\"69f5ba35c7d1e\" class=\"wp-block-image size-large wp-lightbox-container\"><img loading=\"lazy\" decoding=\"async\" width=\"1024\" height=\"556\" data-wp-class--hide=\"state.isContentHidden\" data-wp-class--show=\"state.isContentVisible\" data-wp-init=\"callbacks.setButtonStyles\" data-wp-on--click=\"actions.showLightbox\" data-wp-on--load=\"callbacks.setButtonStyles\" data-wp-on-window--resize=\"callbacks.setButtonStyles\" src=\"https:\/\/sun21.at\/wp\/wp-content\/uploads\/2023\/06\/sun21_teamfoto-1024x556.png\" alt=\"Das engagierte SUN21 Team vor dem Firmengeb\u00e4ude in Wolkersdorf\" class=\"wp-image-841\" srcset=\"https:\/\/sun21.at\/wp\/wp-content\/uploads\/2023\/06\/sun21_teamfoto-1024x556.png 1024w, https:\/\/sun21.at\/wp\/wp-content\/uploads\/2023\/06\/sun21_teamfoto-300x163.png 300w, https:\/\/sun21.at\/wp\/wp-content\/uploads\/2023\/06\/sun21_teamfoto-150x81.png 150w, https:\/\/sun21.at\/wp\/wp-content\/uploads\/2023\/06\/sun21_teamfoto-768x417.png 768w, https:\/\/sun21.at\/wp\/wp-content\/uploads\/2023\/06\/sun21_teamfoto-1536x834.png 1536w, https:\/\/sun21.at\/wp\/wp-content\/uploads\/2023\/06\/sun21_teamfoto.png 1920w\" sizes=\"auto, (max-width: 1024px) 100vw, 1024px\" \/><button\n\t\t\tclass=\"lightbox-trigger\"\n\t\t\ttype=\"button\"\n\t\t\taria-haspopup=\"dialog\"\n\t\t\taria-label=\"Vergr\u00f6\u00dfern\"\n\t\t\tdata-wp-init=\"callbacks.initTriggerButton\"\n\t\t\tdata-wp-on--click=\"actions.showLightbox\"\n\t\t\tdata-wp-style--right=\"state.imageButtonRight\"\n\t\t\tdata-wp-style--top=\"state.imageButtonTop\"\n\t\t>\n\t\t\t<svg xmlns=\"http:\/\/www.w3.org\/2000\/svg\" width=\"12\" height=\"12\" fill=\"none\" viewBox=\"0 0 12 12\">\n\t\t\t\t<path fill=\"#fff\" d=\"M2 0a2 2 0 0 0-2 2v2h1.5V2a.5.5 0 0 1 .5-.5h2V0H2Zm2 10.5H2a.5.5 0 0 1-.5-.5V8H0v2a2 2 0 0 0 2 2h2v-1.5ZM8 12v-1.5h2a.5.5 0 0 0 .5-.5V8H12v2a2 2 0 0 1-2 2H8Zm2-12a2 2 0 0 1 2 2v2h-1.5V2a.5.5 0 0 0-.5-.5H8V0h2Z\" \/>\n\t\t\t<\/svg>\n\t\t<\/button><\/figure>\n<\/div>\n\n\n\n<div class=\"wp-block-column is-vertically-aligned-center is-layout-flow wp-block-column-is-layout-flow\" style=\"flex-basis:50%\">\n<p>Mehr als <strong>1.000 erfolgreich umgesetzte Projekte<\/strong> sprechen f\u00fcr sich: SUN21 steht f\u00fcr <strong>Qualit\u00e4t<\/strong>, <strong>Verl\u00e4sslichkeit<\/strong> und <strong>Innovation<\/strong> \u2013 und f\u00fcr eine <strong>Energiezukunft<\/strong>, die <strong>unabh\u00e4ngig<\/strong>, <strong>effizient<\/strong> und <strong>nachhaltig<\/strong> ist.<\/p>\n<\/div>\n<\/div>\n\n\n\n<div style=\"height:20px\" aria-hidden=\"true\" class=\"wp-block-spacer\"><\/div>\n\n\n\n<div class=\"wp-block-columns are-vertically-aligned-center is-not-stacked-on-mobile is-layout-flex wp-container-core-columns-is-layout-9d6595d7 wp-block-columns-is-layout-flex\">\n<div class=\"wp-block-column is-vertically-aligned-center is-layout-flow wp-block-column-is-layout-flow\"><div class=\"wp-block-image\">\n<figure class=\"aligncenter size-thumbnail\"><img loading=\"lazy\" decoding=\"async\" width=\"150\" height=\"150\" src=\"https:\/\/sun21.at\/wp\/wp-content\/uploads\/2024\/11\/solaxpower-150x150.png\" alt=\"\" class=\"wp-image-1931\" style=\"object-fit:cover\" srcset=\"https:\/\/sun21.at\/wp\/wp-content\/uploads\/2024\/11\/solaxpower-150x150.png 150w, https:\/\/sun21.at\/wp\/wp-content\/uploads\/2024\/11\/solaxpower.png 255w\" sizes=\"auto, (max-width: 150px) 100vw, 150px\" \/><\/figure>\n<\/div><\/div>\n\n\n\n<div class=\"wp-block-column is-vertically-aligned-center is-layout-flow wp-block-column-is-layout-flow\"><div class=\"wp-block-image\">\n<figure class=\"aligncenter size-thumbnail\"><img loading=\"lazy\" decoding=\"async\" width=\"150\" height=\"150\" src=\"https:\/\/sun21.at\/wp\/wp-content\/uploads\/2024\/08\/SE_Fronius_System_Partner_logo-150x150.jpg\" alt=\"\" class=\"wp-image-1699\" style=\"object-fit:cover\" srcset=\"https:\/\/sun21.at\/wp\/wp-content\/uploads\/2024\/08\/SE_Fronius_System_Partner_logo-150x150.jpg 150w, https:\/\/sun21.at\/wp\/wp-content\/uploads\/2024\/08\/SE_Fronius_System_Partner_logo-300x300.jpg 300w, https:\/\/sun21.at\/wp\/wp-content\/uploads\/2024\/08\/SE_Fronius_System_Partner_logo.jpg 555w\" sizes=\"auto, (max-width: 150px) 100vw, 150px\" \/><\/figure>\n<\/div><\/div>\n\n\n\n<div class=\"wp-block-column is-vertically-aligned-center is-layout-flow wp-block-column-is-layout-flow\"><div class=\"wp-block-image\">\n<figure class=\"aligncenter size-thumbnail\"><img loading=\"lazy\" decoding=\"async\" width=\"150\" height=\"150\" src=\"https:\/\/sun21.at\/wp\/wp-content\/uploads\/2024\/11\/solarmanager-150x150.png\" alt=\"\" class=\"wp-image-1932\" style=\"object-fit:cover\" srcset=\"https:\/\/sun21.at\/wp\/wp-content\/uploads\/2024\/11\/solarmanager-150x150.png 150w, https:\/\/sun21.at\/wp\/wp-content\/uploads\/2024\/11\/solarmanager.png 255w\" sizes=\"auto, (max-width: 150px) 100vw, 150px\" \/><\/figure>\n<\/div><\/div>\n<\/div>\n\n\n\n<div class=\"wp-block-columns are-vertically-aligned-center is-not-stacked-on-mobile is-layout-flex wp-container-core-columns-is-layout-9d6595d7 wp-block-columns-is-layout-flex\">\n<div class=\"wp-block-column is-vertically-aligned-center is-layout-flow wp-block-column-is-layout-flow\"><div class=\"wp-block-image\">\n<figure class=\"aligncenter size-thumbnail\"><img loading=\"lazy\" decoding=\"async\" width=\"150\" height=\"150\" src=\"https:\/\/sun21.at\/wp\/wp-content\/uploads\/2024\/11\/LG-logo-150x150.png\" alt=\"\" class=\"wp-image-1933\" style=\"object-fit:cover\" srcset=\"https:\/\/sun21.at\/wp\/wp-content\/uploads\/2024\/11\/LG-logo-150x150.png 150w, https:\/\/sun21.at\/wp\/wp-content\/uploads\/2024\/11\/LG-logo.png 250w\" sizes=\"auto, (max-width: 150px) 100vw, 150px\" \/><\/figure>\n<\/div><\/div>\n\n\n\n<div class=\"wp-block-column is-vertically-aligned-center is-layout-flow wp-block-column-is-layout-flow\"><div class=\"wp-block-image\">\n<figure class=\"aligncenter size-thumbnail\"><img loading=\"lazy\" decoding=\"async\" width=\"150\" height=\"118\" src=\"https:\/\/sun21.at\/wp\/wp-content\/uploads\/2024\/12\/shelly_gold-150x118.png\" alt=\"\" class=\"wp-image-1954\" style=\"object-fit:cover\" srcset=\"https:\/\/sun21.at\/wp\/wp-content\/uploads\/2024\/12\/shelly_gold-150x118.png 150w, https:\/\/sun21.at\/wp\/wp-content\/uploads\/2024\/12\/shelly_gold.png 204w\" sizes=\"auto, (max-width: 150px) 100vw, 150px\" \/><\/figure>\n<\/div><\/div>\n\n\n\n<div class=\"wp-block-column is-vertically-aligned-center is-layout-flow wp-block-column-is-layout-flow\"><div class=\"wp-block-image\">\n<figure class=\"aligncenter size-thumbnail\"><img loading=\"lazy\" decoding=\"async\" width=\"150\" height=\"150\" src=\"https:\/\/sun21.at\/wp\/wp-content\/uploads\/2024\/11\/tado-150x150.jpg\" alt=\"\" class=\"wp-image-1923\" style=\"object-fit:cover\" srcset=\"https:\/\/sun21.at\/wp\/wp-content\/uploads\/2024\/11\/tado-150x150.jpg 150w, https:\/\/sun21.at\/wp\/wp-content\/uploads\/2024\/11\/tado.jpg 261w\" sizes=\"auto, (max-width: 150px) 100vw, 150px\" \/><\/figure>\n<\/div><\/div>\n<\/div>\n\n\n\n<div class=\"wp-block-columns are-vertically-aligned-center is-not-stacked-on-mobile is-layout-flex wp-container-core-columns-is-layout-9d6595d7 wp-block-columns-is-layout-flex\">\n<div class=\"wp-block-column is-vertically-aligned-center is-layout-flow wp-block-column-is-layout-flow\"><\/div>\n\n\n\n<div class=\"wp-block-column is-vertically-aligned-center is-layout-flow wp-block-column-is-layout-flow\"><div class=\"wp-block-image\">\n<figure class=\"aligncenter size-thumbnail\"><img loading=\"lazy\" decoding=\"async\" width=\"145\" height=\"150\" src=\"https:\/\/sun21.at\/wp\/wp-content\/uploads\/2025\/11\/awattar_logo-145x150.png\" alt=\"\" class=\"wp-image-2701\" style=\"object-fit:cover\" srcset=\"https:\/\/sun21.at\/wp\/wp-content\/uploads\/2025\/11\/awattar_logo-145x150.png 145w, https:\/\/sun21.at\/wp\/wp-content\/uploads\/2025\/11\/awattar_logo-290x300.png 290w, https:\/\/sun21.at\/wp\/wp-content\/uploads\/2025\/11\/awattar_logo-768x794.png 768w, https:\/\/sun21.at\/wp\/wp-content\/uploads\/2025\/11\/awattar_logo.png 967w\" sizes=\"auto, (max-width: 145px) 100vw, 145px\" \/><\/figure>\n<\/div><\/div>\n\n\n\n<div class=\"wp-block-column is-vertically-aligned-center is-layout-flow wp-block-column-is-layout-flow\"><\/div>\n<\/div>\n\n\n\nngg_shortcode_0_placeholder\n\n\n\n<h2 class=\"wp-block-heading\">Presse | Corporate Identity<\/h2>\n\n\n\n<p>Hier finden Sie Logo, Farben und Gestaltungselemente f\u00fcr die mediengerechte Verwendung der Marke SUN21. Bitte verwenden Sie ausschlie\u00dflich die freigegebenen Dateien und beachten Sie unsere Hinweise zur richtigen Darstellung. <\/p>\n\n\n\n<p><strong>SUN21 ist eine gesch\u00fctzte Marke.<\/strong> Jede Nutzung au\u00dferhalb des vorgesehenen Rahmens \u2013 insbesondere \u00c4nderungen am Logo oder eine Verwendung zu nicht genehmigten Zwecken \u2013 ist untersagt. F\u00fcr weiterf\u00fchrende Informationen oder zus\u00e4tzliche Materialien kontaktieren Sie uns bitte direkt.<\/p>\n\n\n\n<h3 class=\"wp-block-heading\" id=\"logos\">Logos<\/h3>\n\n\n\n<p>Hier k\u00f6nnen Sie unsere Logos im *.eps und *.png Format herunterladen. Es ist ein zentrales Element unseres Markenauftritts und steht f\u00fcr nachhaltige Energie, Innovation und Zuverl\u00e4ssigkeit.<\/p>\n\n\n\n<p>Verwenden Sie <strong>nur die bereitgestellten Logo-Dateien<\/strong> \u2013 ver\u00e4ndern Sie das Logo nicht (keine Verzerrung, keine neuen Farben, keine Effekte). Das Logo darf <strong>nicht gedreht, gespiegelt oder in Einzelteile zerlegt<\/strong> werden.<\/p>\n\n\n\n<p>Halten Sie rund um das Logo ausreichend <strong>Schutzraum<\/strong> frei \u2013 mindestens die H\u00f6he des \u201eS\u201c als Abstand zu anderen Elementen.<\/p>\n\n\n\n<p>Falls Sie unsicher sind, welche Version geeignet ist, verwenden Sie bitte die farbige Variante auf wei\u00dfem Hintergrund.<\/p>\n\n\n\n<div class=\"wp-block-buttons is-layout-flex wp-block-buttons-is-layout-flex\">\n<div class=\"wp-block-button\"><a class=\"wp-block-button__link wp-element-button\" href=\"https:\/\/sun21.at\/wp\/wp-content\/uploads\/2025\/05\/SUN21_LOGOKIT.zip\">LOGOKIT HERUNTERLADEN (2MB)<\/a><\/div>\n<\/div>\n\n\n\n<h3 class=\"wp-block-heading\">Farben<\/h3>\n\n\n\n<div class=\"wp-block-columns is-layout-flex wp-container-core-columns-is-layout-9d6595d7 wp-block-columns-is-layout-flex\">\n<div class=\"wp-block-column is-vertically-aligned-center mit-padding has-base-2-color has-accent-background-color has-text-color has-background has-link-color wp-elements-68c03852e20ff158d52bc67fe3b30618 is-layout-flow wp-block-column-is-layout-flow\">\n<p class=\"has-text-align-center\"><strong>GR\u00dcN<\/strong><\/p>\n\n\n\n<p class=\"has-text-align-center\">CMYK 46 | 0 | 90 | 0<br>RGB 151 | 215 | 0<br>HEX #97D700<\/p>\n<\/div>\n\n\n\n<div class=\"wp-block-column is-vertically-aligned-center mit-padding has-base-2-color has-text-color has-background has-link-color wp-elements-1833ca7940132d66741f60e81851af07 is-layout-flow wp-block-column-is-layout-flow\" style=\"background-color:#171917\">\n<p class=\"has-text-align-center\"><strong>ANTHRAZIT<\/strong><\/p>\n\n\n\n<p class=\"has-text-align-center\">CMYK 10 | 0 | 10 | 90<br>RGB 23 | 25 | 0<br>HEX #171917<\/p>\n<\/div>\n<\/div>\n\n\n\n<h3 class=\"wp-block-heading\">Schriften<\/h3>\n\n\n\n<ul class=\"wp-block-list\">\n<li>Roboto<\/li>\n\n\n\n<li><strong>Roboto Black<\/strong><\/li>\n<\/ul>\n\n\n\n<p><\/p>\n<div class=\"gsp_post_data\" \r\n\t            data-post_type=\"page\" \r\n\t            data-cat=\"\" \r\n\t            data-modified=\"120\"\r\n\t            data-created=\"1674664785\"\r\n\t            data-title=\"\u00dcber SUN21\" \r\n\t            data-home=\"https:\/\/sun21.at\/wp\"><\/div>","protected":false},"excerpt":{"rendered":"<p>SUN21 steht f\u00fcr innovative und nachhaltige Energiel\u00f6sungen mit Sitz im ecoplus Wirtschaftspark Wolkersdorf und einer Filiale in Unterretzbach. Mehr als 40 engagierte Mitarbeiter*innen arbeiten tagt\u00e4glich daran, Photovoltaik, W\u00e4rmepumpen und Klimasysteme f\u00fcr Einfamilienh\u00e4user, Gewerbe und Gemeinden intelligent zu verbinden \u2013 alles aus einer Hand. Geleitet wird SUN21 von den Gesch\u00e4ftsf\u00fchrern Manuel Urbanek und Ing. Zdenko Miklendin, &#8230; <a title=\"\u00dcber SUN21\" class=\"read-more\" href=\"https:\/\/sun21.at\/wp\/ueber-sun21\/\" aria-label=\"Mehr Informationen \u00fcber \u00dcber SUN21\">Weiterlesen<\/a><\/p>\n","protected":false},"author":1,"featured_media":0,"parent":0,"menu_order":0,"comment_status":"closed","ping_status":"closed","template":"","meta":{"content-type":"","ngg_post_thumbnail":0,"footnotes":""},"class_list":["post-46","page","type-page","status-publish"],"yoast_head":"<!-- This site is optimized with the Yoast SEO plugin v27.3 - https:\/\/yoast.com\/product\/yoast-seo-wordpress\/ -->\n<title>\u00dcber SUN21: Ihr Partner f\u00fcr nachhaltige Energie-L\u00f6sungen<\/title>\n<meta name=\"description\" content=\"Lernen Sie SUN21 kennen: Ihr Spezialist f\u00fcr innovative und nachhaltige Energiel\u00f6sungen in Photovoltaik und W\u00e4rmepumpen.\" \/>\n<meta name=\"robots\" content=\"index, follow, max-snippet:-1, max-image-preview:large, max-video-preview:-1\" \/>\n<link rel=\"canonical\" href=\"https:\/\/sun21.at\/wp\/ueber-sun21\/\" \/>\n<meta property=\"og:locale\" content=\"de_DE\" \/>\n<meta property=\"og:type\" content=\"article\" \/>\n<meta property=\"og:title\" content=\"\u00dcber SUN21: Ihr Partner f\u00fcr nachhaltige Energie-L\u00f6sungen\" \/>\n<meta property=\"og:description\" content=\"Lernen Sie SUN21 kennen: Ihr Spezialist f\u00fcr innovative und nachhaltige Energiel\u00f6sungen in Photovoltaik und W\u00e4rmepumpen.\" \/>\n<meta property=\"og:url\" content=\"https:\/\/sun21.at\/wp\/ueber-sun21\/\" \/>\n<meta property=\"og:site_name\" content=\"SUN21\" \/>\n<meta property=\"article:publisher\" content=\"https:\/\/www.facebook.com\/sun21.at\" \/>\n<meta property=\"article:modified_time\" content=\"2025-11-13T15:54:51+00:00\" \/>\n<meta property=\"og:image\" content=\"https:\/\/sun21.at\/wp\/wp-content\/uploads\/2025\/05\/sun21_drohne_202504.jpg\" \/>\n\t<meta property=\"og:image:width\" content=\"800\" \/>\n\t<meta property=\"og:image:height\" content=\"450\" \/>\n\t<meta property=\"og:image:type\" content=\"image\/jpeg\" \/>\n<script type=\"application\/ld+json\" class=\"yoast-schema-graph\">{\"@context\":\"https:\\\/\\\/schema.org\",\"@graph\":[{\"@type\":\"WebPage\",\"@id\":\"https:\\\/\\\/sun21.at\\\/wp\\\/ueber-sun21\\\/\",\"url\":\"https:\\\/\\\/sun21.at\\\/wp\\\/ueber-sun21\\\/\",\"name\":\"\u00dcber SUN21: Ihr Partner f\u00fcr nachhaltige Energie-L\u00f6sungen\",\"isPartOf\":{\"@id\":\"https:\\\/\\\/sun21.at\\\/wp\\\/#website\"},\"primaryImageOfPage\":{\"@id\":\"https:\\\/\\\/sun21.at\\\/wp\\\/ueber-sun21\\\/#primaryimage\"},\"image\":{\"@id\":\"https:\\\/\\\/sun21.at\\\/wp\\\/ueber-sun21\\\/#primaryimage\"},\"thumbnailUrl\":\"https:\\\/\\\/sun21.at\\\/wp\\\/wp-content\\\/uploads\\\/2025\\\/05\\\/sun21_drohne_202504.jpg\",\"datePublished\":\"2023-01-25T16:39:45+00:00\",\"dateModified\":\"2025-11-13T15:54:51+00:00\",\"description\":\"Lernen Sie SUN21 kennen: Ihr Spezialist f\u00fcr innovative und nachhaltige Energiel\u00f6sungen in Photovoltaik und W\u00e4rmepumpen.\",\"breadcrumb\":{\"@id\":\"https:\\\/\\\/sun21.at\\\/wp\\\/ueber-sun21\\\/#breadcrumb\"},\"inLanguage\":\"de\",\"potentialAction\":[{\"@type\":\"ReadAction\",\"target\":[\"https:\\\/\\\/sun21.at\\\/wp\\\/ueber-sun21\\\/\"]}]},{\"@type\":\"ImageObject\",\"inLanguage\":\"de\",\"@id\":\"https:\\\/\\\/sun21.at\\\/wp\\\/ueber-sun21\\\/#primaryimage\",\"url\":\"https:\\\/\\\/sun21.at\\\/wp\\\/wp-content\\\/uploads\\\/2025\\\/05\\\/sun21_drohne_202504.jpg\",\"contentUrl\":\"https:\\\/\\\/sun21.at\\\/wp\\\/wp-content\\\/uploads\\\/2025\\\/05\\\/sun21_drohne_202504.jpg\",\"width\":800,\"height\":450},{\"@type\":\"BreadcrumbList\",\"@id\":\"https:\\\/\\\/sun21.at\\\/wp\\\/ueber-sun21\\\/#breadcrumb\",\"itemListElement\":[{\"@type\":\"ListItem\",\"position\":1,\"name\":\"Startseite\",\"item\":\"https:\\\/\\\/sun21.at\\\/wp\\\/\"},{\"@type\":\"ListItem\",\"position\":2,\"name\":\"\u00dcber SUN21\"}]},{\"@type\":\"WebSite\",\"@id\":\"https:\\\/\\\/sun21.at\\\/wp\\\/#website\",\"url\":\"https:\\\/\\\/sun21.at\\\/wp\\\/\",\"name\":\"SUN21 | Ihr Experte f\u00fcr smarte Energiel\u00f6sungen: Photovoltaik & W\u00e4rmepumpen\",\"description\":\"Ihr Experte f\u00fcr smarte Energiel\u00f6sungen: Photovoltaik, Speicher &amp; W\u00e4rmepumpen\",\"publisher\":{\"@id\":\"https:\\\/\\\/sun21.at\\\/wp\\\/#organization\"},\"alternateName\":\"SUN21\",\"potentialAction\":[{\"@type\":\"SearchAction\",\"target\":{\"@type\":\"EntryPoint\",\"urlTemplate\":\"https:\\\/\\\/sun21.at\\\/wp\\\/?s={search_term_string}\"},\"query-input\":{\"@type\":\"PropertyValueSpecification\",\"valueRequired\":true,\"valueName\":\"search_term_string\"}}],\"inLanguage\":\"de\"},{\"@type\":\"Organization\",\"@id\":\"https:\\\/\\\/sun21.at\\\/wp\\\/#organization\",\"name\":\"SUN21 Smart-Energy GmbH\",\"alternateName\":\"SUN21\",\"url\":\"https:\\\/\\\/sun21.at\\\/wp\\\/\",\"logo\":{\"@type\":\"ImageObject\",\"inLanguage\":\"de\",\"@id\":\"https:\\\/\\\/sun21.at\\\/wp\\\/#\\\/schema\\\/logo\\\/image\\\/\",\"url\":\"https:\\\/\\\/sun21.at\\\/wp\\\/wp-content\\\/uploads\\\/2024\\\/07\\\/sun21_rgb_quadratisch.png\",\"contentUrl\":\"https:\\\/\\\/sun21.at\\\/wp\\\/wp-content\\\/uploads\\\/2024\\\/07\\\/sun21_rgb_quadratisch.png\",\"width\":1030,\"height\":1030,\"caption\":\"SUN21 Smart-Energy GmbH\"},\"image\":{\"@id\":\"https:\\\/\\\/sun21.at\\\/wp\\\/#\\\/schema\\\/logo\\\/image\\\/\"},\"sameAs\":[\"https:\\\/\\\/www.facebook.com\\\/sun21.at\",\"https:\\\/\\\/www.instagram.com\\\/sun21.at\",\"https:\\\/\\\/www.linkedin.com\\\/company\\\/sun21at\"]}]}<\/script>\n<!-- \/ Yoast SEO plugin. -->","yoast_head_json":{"title":"\u00dcber SUN21: Ihr Partner f\u00fcr nachhaltige Energie-L\u00f6sungen","description":"Lernen Sie SUN21 kennen: Ihr Spezialist f\u00fcr innovative und nachhaltige Energiel\u00f6sungen in Photovoltaik und W\u00e4rmepumpen.","robots":{"index":"index","follow":"follow","max-snippet":"max-snippet:-1","max-image-preview":"max-image-preview:large","max-video-preview":"max-video-preview:-1"},"canonical":"https:\/\/sun21.at\/wp\/ueber-sun21\/","og_locale":"de_DE","og_type":"article","og_title":"\u00dcber SUN21: Ihr Partner f\u00fcr nachhaltige Energie-L\u00f6sungen","og_description":"Lernen Sie SUN21 kennen: Ihr Spezialist f\u00fcr innovative und nachhaltige Energiel\u00f6sungen in Photovoltaik und W\u00e4rmepumpen.","og_url":"https:\/\/sun21.at\/wp\/ueber-sun21\/","og_site_name":"SUN21","article_publisher":"https:\/\/www.facebook.com\/sun21.at","article_modified_time":"2025-11-13T15:54:51+00:00","og_image":[{"width":800,"height":450,"url":"https:\/\/sun21.at\/wp\/wp-content\/uploads\/2025\/05\/sun21_drohne_202504.jpg","type":"image\/jpeg"}],"schema":{"@context":"https:\/\/schema.org","@graph":[{"@type":"WebPage","@id":"https:\/\/sun21.at\/wp\/ueber-sun21\/","url":"https:\/\/sun21.at\/wp\/ueber-sun21\/","name":"\u00dcber SUN21: Ihr Partner f\u00fcr nachhaltige Energie-L\u00f6sungen","isPartOf":{"@id":"https:\/\/sun21.at\/wp\/#website"},"primaryImageOfPage":{"@id":"https:\/\/sun21.at\/wp\/ueber-sun21\/#primaryimage"},"image":{"@id":"https:\/\/sun21.at\/wp\/ueber-sun21\/#primaryimage"},"thumbnailUrl":"https:\/\/sun21.at\/wp\/wp-content\/uploads\/2025\/05\/sun21_drohne_202504.jpg","datePublished":"2023-01-25T16:39:45+00:00","dateModified":"2025-11-13T15:54:51+00:00","description":"Lernen Sie SUN21 kennen: Ihr Spezialist f\u00fcr innovative und nachhaltige Energiel\u00f6sungen in Photovoltaik und W\u00e4rmepumpen.","breadcrumb":{"@id":"https:\/\/sun21.at\/wp\/ueber-sun21\/#breadcrumb"},"inLanguage":"de","potentialAction":[{"@type":"ReadAction","target":["https:\/\/sun21.at\/wp\/ueber-sun21\/"]}]},{"@type":"ImageObject","inLanguage":"de","@id":"https:\/\/sun21.at\/wp\/ueber-sun21\/#primaryimage","url":"https:\/\/sun21.at\/wp\/wp-content\/uploads\/2025\/05\/sun21_drohne_202504.jpg","contentUrl":"https:\/\/sun21.at\/wp\/wp-content\/uploads\/2025\/05\/sun21_drohne_202504.jpg","width":800,"height":450},{"@type":"BreadcrumbList","@id":"https:\/\/sun21.at\/wp\/ueber-sun21\/#breadcrumb","itemListElement":[{"@type":"ListItem","position":1,"name":"Startseite","item":"https:\/\/sun21.at\/wp\/"},{"@type":"ListItem","position":2,"name":"\u00dcber SUN21"}]},{"@type":"WebSite","@id":"https:\/\/sun21.at\/wp\/#website","url":"https:\/\/sun21.at\/wp\/","name":"SUN21 | Ihr Experte f\u00fcr smarte Energiel\u00f6sungen: Photovoltaik & W\u00e4rmepumpen","description":"Ihr Experte f\u00fcr smarte Energiel\u00f6sungen: Photovoltaik, Speicher &amp; W\u00e4rmepumpen","publisher":{"@id":"https:\/\/sun21.at\/wp\/#organization"},"alternateName":"SUN21","potentialAction":[{"@type":"SearchAction","target":{"@type":"EntryPoint","urlTemplate":"https:\/\/sun21.at\/wp\/?s={search_term_string}"},"query-input":{"@type":"PropertyValueSpecification","valueRequired":true,"valueName":"search_term_string"}}],"inLanguage":"de"},{"@type":"Organization","@id":"https:\/\/sun21.at\/wp\/#organization","name":"SUN21 Smart-Energy GmbH","alternateName":"SUN21","url":"https:\/\/sun21.at\/wp\/","logo":{"@type":"ImageObject","inLanguage":"de","@id":"https:\/\/sun21.at\/wp\/#\/schema\/logo\/image\/","url":"https:\/\/sun21.at\/wp\/wp-content\/uploads\/2024\/07\/sun21_rgb_quadratisch.png","contentUrl":"https:\/\/sun21.at\/wp\/wp-content\/uploads\/2024\/07\/sun21_rgb_quadratisch.png","width":1030,"height":1030,"caption":"SUN21 Smart-Energy GmbH"},"image":{"@id":"https:\/\/sun21.at\/wp\/#\/schema\/logo\/image\/"},"sameAs":["https:\/\/www.facebook.com\/sun21.at","https:\/\/www.instagram.com\/sun21.at","https:\/\/www.linkedin.com\/company\/sun21at"]}]}},"_links":{"self":[{"href":"https:\/\/sun21.at\/wp\/wp-json\/wp\/v2\/pages\/46","targetHints":{"allow":["GET"]}}],"collection":[{"href":"https:\/\/sun21.at\/wp\/wp-json\/wp\/v2\/pages"}],"about":[{"href":"https:\/\/sun21.at\/wp\/wp-json\/wp\/v2\/types\/page"}],"author":[{"embeddable":true,"href":"https:\/\/sun21.at\/wp\/wp-json\/wp\/v2\/users\/1"}],"replies":[{"embeddable":true,"href":"https:\/\/sun21.at\/wp\/wp-json\/wp\/v2\/comments?post=46"}],"version-history":[{"count":44,"href":"https:\/\/sun21.at\/wp\/wp-json\/wp\/v2\/pages\/46\/revisions"}],"predecessor-version":[{"id":2702,"href":"https:\/\/sun21.at\/wp\/wp-json\/wp\/v2\/pages\/46\/revisions\/2702"}],"wp:attachment":[{"href":"https:\/\/sun21.at\/wp\/wp-json\/wp\/v2\/media?parent=46"}],"curies":[{"name":"wp","href":"https:\/\/api.w.org\/{rel}","templated":true}]}}