{"id":1433,"date":"2024-06-05T20:06:00","date_gmt":"2024-06-05T20:06:00","guid":{"rendered":"https:\/\/sun21.at\/wp\/?page_id=1433"},"modified":"2026-03-17T19:05:24","modified_gmt":"2026-03-17T19:05:24","slug":"wallbox-ev-charger","status":"publish","type":"page","link":"https:\/\/sun21.at\/wp\/wallbox-ev-charger\/","title":{"rendered":"Wallbox EV-Charger"},"content":{"rendered":"\n<p>Die <strong>Elektromobilit\u00e4t<\/strong> ist ein entscheidender Schritt in eine <strong>nachhaltige Zukunft<\/strong> \u2013 und mit der passenden Ladeinfrastruktur laden Sie Ihr E-Auto effizient sowie umweltfreundlich. Deshalb bieten wir Ihnen hochwertige Wallbox-L\u00f6sungen von <strong>SOLAX Power<\/strong> und <strong>KEBA<\/strong>, die Ihren PV-Strom optimal nutzen und sich nahtlos in Ihr Energiemanagement integrieren.<\/p>\n\n\n\n<h1 class=\"wp-block-heading\"><strong>Solax Smart EV-Charger<\/strong><\/h1>\n\n\n\n<div class=\"wp-block-columns is-layout-flex wp-container-core-columns-is-layout-9d6595d7 wp-block-columns-is-layout-flex\">\n<div class=\"wp-block-column is-layout-flow wp-block-column-is-layout-flow\" style=\"flex-basis:17.65%\"><div class=\"wp-block-image\">\n<figure class=\"aligncenter size-full is-resized\"><img loading=\"lazy\" decoding=\"async\" width=\"255\" height=\"255\" src=\"https:\/\/sun21.at\/wp\/wp-content\/uploads\/2024\/11\/solaxpower.png\" alt=\"\" class=\"wp-image-1931\" style=\"width:100px\" srcset=\"https:\/\/sun21.at\/wp\/wp-content\/uploads\/2024\/11\/solaxpower.png 255w, https:\/\/sun21.at\/wp\/wp-content\/uploads\/2024\/11\/solaxpower-150x150.png 150w\" sizes=\"auto, (max-width: 255px) 100vw, 255px\" \/><\/figure>\n<\/div>\n\n<div class=\"wp-block-image\">\n<figure class=\"aligncenter size-full\"><img loading=\"lazy\" decoding=\"async\" width=\"258\" height=\"489\" src=\"https:\/\/sun21.at\/wp\/wp-content\/uploads\/2025\/10\/solax_X3_HAC-1.webp\" alt=\"\" class=\"wp-image-2621\" style=\"object-fit:cover\" srcset=\"https:\/\/sun21.at\/wp\/wp-content\/uploads\/2025\/10\/solax_X3_HAC-1.webp 258w, https:\/\/sun21.at\/wp\/wp-content\/uploads\/2025\/10\/solax_X3_HAC-1-158x300.webp 158w, https:\/\/sun21.at\/wp\/wp-content\/uploads\/2025\/10\/solax_X3_HAC-1-79x150.webp 79w\" sizes=\"auto, (max-width: 258px) 100vw, 258px\" \/><\/figure>\n<\/div><\/div>\n\n\n\n<div class=\"wp-block-column is-layout-flow wp-block-column-is-layout-flow\" style=\"flex-basis:82.35%\">\n<p>Die <strong>SOLAX Wallbox<\/strong> passt perfekt zu Ihrem <strong>SOLAX Wechselrichter<\/strong>. Der smarte <strong>EV-Charger<\/strong> l\u00e4dt Ihr Auto zuverl\u00e4ssig und verbindet sich direkt mit dem Wechselrichter. So steuern Sie den Ladevorgang bequem per App und nutzen Ihren selbst erzeugten Solarstrom noch effizienter.<\/p>\n\n\n\n<p>Das erm\u00f6glicht die <strong>smarte Steuerung<\/strong> via <strong>App<\/strong>:<\/p>\n\n\n\n<ol class=\"wp-block-list\">\n<li><strong>Gr\u00fcner Modus<\/strong>: Ladung nur \u00fcber PV<\/li>\n\n\n\n<li><strong>Eco Modus<\/strong>: m\u00f6glichst viel PV, Rest vom Netz<\/li>\n\n\n\n<li><strong>Schneller Modus<\/strong>: PV-Strom und Netzstrom f\u00fcr maximale Ladeleistung<\/li>\n<\/ol>\n\n\n\n<p>Sie k\u00f6nnen die Wallbox in der Garage, unter dem Carport oder im Au\u00dfenbereich montieren. Au\u00dferdem \u00fcbernehmen wir wie gewohnt alle Montage- und Verkabelungsarbeiten und binden die Wallbox direkt in Ihre <strong>Solax Cloud App<\/strong> ein.<\/p>\n<\/div>\n<\/div>\n\n\n\nngg_shortcode_0_placeholder\n\n\n\n<h2 class=\"wp-block-heading\">Perfekt f\u00fcr Ihren Dienstwagen: KEBA Wallbox<\/h2>\n\n\n\n<div class=\"wp-block-columns is-layout-flex wp-container-core-columns-is-layout-9d6595d7 wp-block-columns-is-layout-flex\">\n<div class=\"wp-block-column is-layout-flow wp-block-column-is-layout-flow\" style=\"flex-basis:15%\">\n<figure class=\"wp-block-image size-full\"><img loading=\"lazy\" decoding=\"async\" width=\"386\" height=\"957\" src=\"https:\/\/sun21.at\/wp\/wp-content\/uploads\/2025\/10\/keba_wallbox.png\" alt=\"\" class=\"wp-image-2617\" srcset=\"https:\/\/sun21.at\/wp\/wp-content\/uploads\/2025\/10\/keba_wallbox.png 386w, https:\/\/sun21.at\/wp\/wp-content\/uploads\/2025\/10\/keba_wallbox-121x300.png 121w, https:\/\/sun21.at\/wp\/wp-content\/uploads\/2025\/10\/keba_wallbox-61x150.png 61w\" sizes=\"auto, (max-width: 386px) 100vw, 386px\" \/><\/figure>\n<\/div>\n\n\n\n<div class=\"wp-block-column is-layout-flow wp-block-column-is-layout-flow\" style=\"flex-basis:85%\">\n<figure class=\"wp-block-image size-full is-resized\"><img loading=\"lazy\" decoding=\"async\" width=\"481\" height=\"156\" src=\"https:\/\/sun21.at\/wp\/wp-content\/uploads\/2025\/10\/keba.png\" alt=\"\" class=\"wp-image-2618\" style=\"width:200px\" srcset=\"https:\/\/sun21.at\/wp\/wp-content\/uploads\/2025\/10\/keba.png 481w, https:\/\/sun21.at\/wp\/wp-content\/uploads\/2025\/10\/keba-300x97.png 300w, https:\/\/sun21.at\/wp\/wp-content\/uploads\/2025\/10\/keba-150x49.png 150w\" sizes=\"auto, (max-width: 481px) 100vw, 481px\" \/><\/figure>\n\n\n\n<p>Mit einer <strong>KEBA Wallbox<\/strong> bleiben Sie maximal flexibel, weil Sie Ihre Ladestation intelligent \u00fcber den <strong><strong><a href=\"https:\/\/sun21.at\/wp\/solar-manager\/\">Solar Manager<\/a><\/strong><\/strong> steuern k\u00f6nnen. Zus\u00e4tzlich bietet KEBA eine <strong>Dienstwagen-Edition mit geeichtem Energiez\u00e4hler<\/strong>, damit Sie die Ladekosten korrekt abrechnen k\u00f6nnen, wenn Ihr Arbeitgeber das verlangt.<\/p>\n<\/div>\n<\/div>\n\n\n\n<h3 class=\"wp-block-heading\">Bestellung<\/h3>\n\n\n\n<p>Gerne beraten wir Sie zu dieser smarten Erweiterung Ihrer <strong>SUN21 SOLAX PV-Anlage<\/strong>. Schreiben Sie uns einfach oder rufen Sie uns direkt an, damit Sie schnell und unkompliziert zur passenden Wallbox kommen.<\/p>\n\n\n\n<p><em>Aktuell gibt es leider keine F\u00f6rderungen f\u00fcr E-Ladeinfrastruktur. (Stand 17.03.26)<\/em><\/p>\n<div class=\"gsp_post_data\" \r\n\t            data-post_type=\"page\" \r\n\t            data-cat=\"\" \r\n\t            data-modified=\"120\"\r\n\t            data-created=\"1717617960\"\r\n\t            data-title=\"Wallbox EV-Charger\" \r\n\t            data-home=\"https:\/\/sun21.at\/wp\"><\/div>","protected":false},"excerpt":{"rendered":"<p>Die Elektromobilit\u00e4t ist ein entscheidender Schritt in eine nachhaltige Zukunft \u2013 und mit der passenden Ladeinfrastruktur laden Sie Ihr E-Auto effizient sowie umweltfreundlich. Deshalb bieten wir Ihnen hochwertige Wallbox-L\u00f6sungen von SOLAX Power und KEBA, die Ihren PV-Strom optimal nutzen und sich nahtlos in Ihr Energiemanagement integrieren. Solax Smart EV-Charger Die SOLAX Wallbox passt perfekt zu &#8230; <a title=\"Wallbox EV-Charger\" class=\"read-more\" href=\"https:\/\/sun21.at\/wp\/wallbox-ev-charger\/\" aria-label=\"Mehr Informationen \u00fcber Wallbox EV-Charger\">Weiterlesen<\/a><\/p>\n","protected":false},"author":1,"featured_media":0,"parent":0,"menu_order":0,"comment_status":"closed","ping_status":"closed","template":"","meta":{"content-type":"","ngg_post_thumbnail":0,"footnotes":""},"class_list":["post-1433","page","type-page","status-publish"],"yoast_head":"<!-- This site is optimized with the Yoast SEO plugin v27.3 - https:\/\/yoast.com\/product\/yoast-seo-wordpress\/ -->\n<title>Smarte EVC Wallbox: Effizientes Laden f\u00fcr Ihr E-Auto | SUN21<\/title>\n<meta name=\"description\" content=\"Entdecken Sie die smarte Solax und KEBA Wallbox: Intelligente und effiziente Ladestationen f\u00fcr Ihr Elektroauto.\" \/>\n<meta name=\"robots\" content=\"index, follow, max-snippet:-1, max-image-preview:large, max-video-preview:-1\" \/>\n<link rel=\"canonical\" href=\"https:\/\/sun21.at\/wp\/wallbox-ev-charger\/\" \/>\n<meta property=\"og:locale\" content=\"de_DE\" \/>\n<meta property=\"og:type\" content=\"article\" \/>\n<meta property=\"og:title\" content=\"Smarte EVC Wallbox: Effizientes Laden f\u00fcr Ihr E-Auto | SUN21\" \/>\n<meta property=\"og:description\" content=\"Entdecken Sie die smarte Solax und KEBA Wallbox: Intelligente und effiziente Ladestationen f\u00fcr Ihr Elektroauto.\" \/>\n<meta property=\"og:url\" content=\"https:\/\/sun21.at\/wp\/wallbox-ev-charger\/\" \/>\n<meta property=\"og:site_name\" content=\"SUN21\" \/>\n<meta property=\"article:publisher\" content=\"https:\/\/www.facebook.com\/sun21.at\" \/>\n<meta property=\"article:modified_time\" content=\"2026-03-17T19:05:24+00:00\" \/>\n<meta property=\"og:image\" content=\"https:\/\/sun21.at\/wp\/wp-content\/uploads\/2024\/11\/solaxpower.png\" \/>\n\t<meta property=\"og:image:width\" content=\"255\" \/>\n\t<meta property=\"og:image:height\" content=\"255\" \/>\n\t<meta property=\"og:image:type\" content=\"image\/png\" \/>\n<script type=\"application\/ld+json\" class=\"yoast-schema-graph\">{\"@context\":\"https:\\\/\\\/schema.org\",\"@graph\":[{\"@type\":\"WebPage\",\"@id\":\"https:\\\/\\\/sun21.at\\\/wp\\\/wallbox-ev-charger\\\/\",\"url\":\"https:\\\/\\\/sun21.at\\\/wp\\\/wallbox-ev-charger\\\/\",\"name\":\"Smarte EVC Wallbox: Effizientes Laden f\u00fcr Ihr E-Auto | SUN21\",\"isPartOf\":{\"@id\":\"https:\\\/\\\/sun21.at\\\/wp\\\/#website\"},\"primaryImageOfPage\":{\"@id\":\"https:\\\/\\\/sun21.at\\\/wp\\\/wallbox-ev-charger\\\/#primaryimage\"},\"image\":{\"@id\":\"https:\\\/\\\/sun21.at\\\/wp\\\/wallbox-ev-charger\\\/#primaryimage\"},\"thumbnailUrl\":\"https:\\\/\\\/sun21.at\\\/wp\\\/wp-content\\\/uploads\\\/2024\\\/11\\\/solaxpower.png\",\"datePublished\":\"2024-06-05T20:06:00+00:00\",\"dateModified\":\"2026-03-17T19:05:24+00:00\",\"description\":\"Entdecken Sie die smarte Solax und KEBA Wallbox: Intelligente und effiziente Ladestationen f\u00fcr Ihr Elektroauto.\",\"breadcrumb\":{\"@id\":\"https:\\\/\\\/sun21.at\\\/wp\\\/wallbox-ev-charger\\\/#breadcrumb\"},\"inLanguage\":\"de\",\"potentialAction\":[{\"@type\":\"ReadAction\",\"target\":[\"https:\\\/\\\/sun21.at\\\/wp\\\/wallbox-ev-charger\\\/\"]}]},{\"@type\":\"ImageObject\",\"inLanguage\":\"de\",\"@id\":\"https:\\\/\\\/sun21.at\\\/wp\\\/wallbox-ev-charger\\\/#primaryimage\",\"url\":\"https:\\\/\\\/sun21.at\\\/wp\\\/wp-content\\\/uploads\\\/2024\\\/11\\\/solaxpower.png\",\"contentUrl\":\"https:\\\/\\\/sun21.at\\\/wp\\\/wp-content\\\/uploads\\\/2024\\\/11\\\/solaxpower.png\",\"width\":255,\"height\":255},{\"@type\":\"BreadcrumbList\",\"@id\":\"https:\\\/\\\/sun21.at\\\/wp\\\/wallbox-ev-charger\\\/#breadcrumb\",\"itemListElement\":[{\"@type\":\"ListItem\",\"position\":1,\"name\":\"Startseite\",\"item\":\"https:\\\/\\\/sun21.at\\\/wp\\\/\"},{\"@type\":\"ListItem\",\"position\":2,\"name\":\"Wallbox EV-Charger\"}]},{\"@type\":\"WebSite\",\"@id\":\"https:\\\/\\\/sun21.at\\\/wp\\\/#website\",\"url\":\"https:\\\/\\\/sun21.at\\\/wp\\\/\",\"name\":\"SUN21 | Ihr Experte f\u00fcr smarte Energiel\u00f6sungen: Photovoltaik & W\u00e4rmepumpen\",\"description\":\"Ihr Experte f\u00fcr smarte Energiel\u00f6sungen: Photovoltaik, Speicher &amp; W\u00e4rmepumpen\",\"publisher\":{\"@id\":\"https:\\\/\\\/sun21.at\\\/wp\\\/#organization\"},\"alternateName\":\"SUN21\",\"potentialAction\":[{\"@type\":\"SearchAction\",\"target\":{\"@type\":\"EntryPoint\",\"urlTemplate\":\"https:\\\/\\\/sun21.at\\\/wp\\\/?s={search_term_string}\"},\"query-input\":{\"@type\":\"PropertyValueSpecification\",\"valueRequired\":true,\"valueName\":\"search_term_string\"}}],\"inLanguage\":\"de\"},{\"@type\":\"Organization\",\"@id\":\"https:\\\/\\\/sun21.at\\\/wp\\\/#organization\",\"name\":\"SUN21 Smart-Energy GmbH\",\"alternateName\":\"SUN21\",\"url\":\"https:\\\/\\\/sun21.at\\\/wp\\\/\",\"logo\":{\"@type\":\"ImageObject\",\"inLanguage\":\"de\",\"@id\":\"https:\\\/\\\/sun21.at\\\/wp\\\/#\\\/schema\\\/logo\\\/image\\\/\",\"url\":\"https:\\\/\\\/sun21.at\\\/wp\\\/wp-content\\\/uploads\\\/2024\\\/07\\\/sun21_rgb_quadratisch.png\",\"contentUrl\":\"https:\\\/\\\/sun21.at\\\/wp\\\/wp-content\\\/uploads\\\/2024\\\/07\\\/sun21_rgb_quadratisch.png\",\"width\":1030,\"height\":1030,\"caption\":\"SUN21 Smart-Energy GmbH\"},\"image\":{\"@id\":\"https:\\\/\\\/sun21.at\\\/wp\\\/#\\\/schema\\\/logo\\\/image\\\/\"},\"sameAs\":[\"https:\\\/\\\/www.facebook.com\\\/sun21.at\",\"https:\\\/\\\/www.instagram.com\\\/sun21.at\",\"https:\\\/\\\/www.linkedin.com\\\/company\\\/sun21at\"]}]}<\/script>\n<!-- \/ Yoast SEO plugin. -->","yoast_head_json":{"title":"Smarte EVC Wallbox: Effizientes Laden f\u00fcr Ihr E-Auto | SUN21","description":"Entdecken Sie die smarte Solax und KEBA Wallbox: Intelligente und effiziente Ladestationen f\u00fcr Ihr Elektroauto.","robots":{"index":"index","follow":"follow","max-snippet":"max-snippet:-1","max-image-preview":"max-image-preview:large","max-video-preview":"max-video-preview:-1"},"canonical":"https:\/\/sun21.at\/wp\/wallbox-ev-charger\/","og_locale":"de_DE","og_type":"article","og_title":"Smarte EVC Wallbox: Effizientes Laden f\u00fcr Ihr E-Auto | SUN21","og_description":"Entdecken Sie die smarte Solax und KEBA Wallbox: Intelligente und effiziente Ladestationen f\u00fcr Ihr Elektroauto.","og_url":"https:\/\/sun21.at\/wp\/wallbox-ev-charger\/","og_site_name":"SUN21","article_publisher":"https:\/\/www.facebook.com\/sun21.at","article_modified_time":"2026-03-17T19:05:24+00:00","og_image":[{"width":255,"height":255,"url":"https:\/\/sun21.at\/wp\/wp-content\/uploads\/2024\/11\/solaxpower.png","type":"image\/png"}],"schema":{"@context":"https:\/\/schema.org","@graph":[{"@type":"WebPage","@id":"https:\/\/sun21.at\/wp\/wallbox-ev-charger\/","url":"https:\/\/sun21.at\/wp\/wallbox-ev-charger\/","name":"Smarte EVC Wallbox: Effizientes Laden f\u00fcr Ihr E-Auto | SUN21","isPartOf":{"@id":"https:\/\/sun21.at\/wp\/#website"},"primaryImageOfPage":{"@id":"https:\/\/sun21.at\/wp\/wallbox-ev-charger\/#primaryimage"},"image":{"@id":"https:\/\/sun21.at\/wp\/wallbox-ev-charger\/#primaryimage"},"thumbnailUrl":"https:\/\/sun21.at\/wp\/wp-content\/uploads\/2024\/11\/solaxpower.png","datePublished":"2024-06-05T20:06:00+00:00","dateModified":"2026-03-17T19:05:24+00:00","description":"Entdecken Sie die smarte Solax und KEBA Wallbox: Intelligente und effiziente Ladestationen f\u00fcr Ihr Elektroauto.","breadcrumb":{"@id":"https:\/\/sun21.at\/wp\/wallbox-ev-charger\/#breadcrumb"},"inLanguage":"de","potentialAction":[{"@type":"ReadAction","target":["https:\/\/sun21.at\/wp\/wallbox-ev-charger\/"]}]},{"@type":"ImageObject","inLanguage":"de","@id":"https:\/\/sun21.at\/wp\/wallbox-ev-charger\/#primaryimage","url":"https:\/\/sun21.at\/wp\/wp-content\/uploads\/2024\/11\/solaxpower.png","contentUrl":"https:\/\/sun21.at\/wp\/wp-content\/uploads\/2024\/11\/solaxpower.png","width":255,"height":255},{"@type":"BreadcrumbList","@id":"https:\/\/sun21.at\/wp\/wallbox-ev-charger\/#breadcrumb","itemListElement":[{"@type":"ListItem","position":1,"name":"Startseite","item":"https:\/\/sun21.at\/wp\/"},{"@type":"ListItem","position":2,"name":"Wallbox EV-Charger"}]},{"@type":"WebSite","@id":"https:\/\/sun21.at\/wp\/#website","url":"https:\/\/sun21.at\/wp\/","name":"SUN21 | Ihr Experte f\u00fcr smarte Energiel\u00f6sungen: Photovoltaik & W\u00e4rmepumpen","description":"Ihr Experte f\u00fcr smarte Energiel\u00f6sungen: Photovoltaik, Speicher &amp; W\u00e4rmepumpen","publisher":{"@id":"https:\/\/sun21.at\/wp\/#organization"},"alternateName":"SUN21","potentialAction":[{"@type":"SearchAction","target":{"@type":"EntryPoint","urlTemplate":"https:\/\/sun21.at\/wp\/?s={search_term_string}"},"query-input":{"@type":"PropertyValueSpecification","valueRequired":true,"valueName":"search_term_string"}}],"inLanguage":"de"},{"@type":"Organization","@id":"https:\/\/sun21.at\/wp\/#organization","name":"SUN21 Smart-Energy GmbH","alternateName":"SUN21","url":"https:\/\/sun21.at\/wp\/","logo":{"@type":"ImageObject","inLanguage":"de","@id":"https:\/\/sun21.at\/wp\/#\/schema\/logo\/image\/","url":"https:\/\/sun21.at\/wp\/wp-content\/uploads\/2024\/07\/sun21_rgb_quadratisch.png","contentUrl":"https:\/\/sun21.at\/wp\/wp-content\/uploads\/2024\/07\/sun21_rgb_quadratisch.png","width":1030,"height":1030,"caption":"SUN21 Smart-Energy GmbH"},"image":{"@id":"https:\/\/sun21.at\/wp\/#\/schema\/logo\/image\/"},"sameAs":["https:\/\/www.facebook.com\/sun21.at","https:\/\/www.instagram.com\/sun21.at","https:\/\/www.linkedin.com\/company\/sun21at"]}]}},"_links":{"self":[{"href":"https:\/\/sun21.at\/wp\/wp-json\/wp\/v2\/pages\/1433","targetHints":{"allow":["GET"]}}],"collection":[{"href":"https:\/\/sun21.at\/wp\/wp-json\/wp\/v2\/pages"}],"about":[{"href":"https:\/\/sun21.at\/wp\/wp-json\/wp\/v2\/types\/page"}],"author":[{"embeddable":true,"href":"https:\/\/sun21.at\/wp\/wp-json\/wp\/v2\/users\/1"}],"replies":[{"embeddable":true,"href":"https:\/\/sun21.at\/wp\/wp-json\/wp\/v2\/comments?post=1433"}],"version-history":[{"count":12,"href":"https:\/\/sun21.at\/wp\/wp-json\/wp\/v2\/pages\/1433\/revisions"}],"predecessor-version":[{"id":2897,"href":"https:\/\/sun21.at\/wp\/wp-json\/wp\/v2\/pages\/1433\/revisions\/2897"}],"wp:attachment":[{"href":"https:\/\/sun21.at\/wp\/wp-json\/wp\/v2\/media?parent=1433"}],"curies":[{"name":"wp","href":"https:\/\/api.w.org\/{rel}","templated":true}]}}